{"id":1594,"date":"2024-12-07T05:06:35","date_gmt":"2024-12-07T05:06:35","guid":{"rendered":"https:\/\/zoutepeople.com\/tarifs\/"},"modified":"2025-03-01T06:45:27","modified_gmt":"2025-03-01T06:45:27","slug":"tarifs","status":"publish","type":"page","link":"https:\/\/zoutepeople.com\/fr\/tarifs\/","title":{"rendered":"Tarifs"},"content":{"rendered":"\t\t<div data-elementor-type=\"wp-page\" data-elementor-id=\"1594\" class=\"elementor elementor-1594 elementor-19\" data-elementor-post-type=\"page\">\n\t\t\t\t<div class=\"elementor-element elementor-element-d2ffdc7 e-flex e-con-boxed e-con e-parent\" data-id=\"d2ffdc7\" data-element_type=\"container\" data-e-type=\"container\">\n\t\t\t\t\t<div class=\"e-con-inner\">\n\t\t<div class=\"elementor-element elementor-element-d4380d7 e-con-full e-flex e-con e-child\" data-id=\"d4380d7\" data-element_type=\"container\" data-e-type=\"container\">\n\t\t\t\t<div class=\"elementor-element elementor-element-1213462 elementor-widget-divider--view-line_text elementor-widget-divider--element-align-center elementor-widget elementor-widget-divider\" data-id=\"1213462\" data-element_type=\"widget\" data-e-type=\"widget\" data-widget_type=\"divider.default\">\n\t\t\t\t\t\t\t<div class=\"elementor-divider\">\n\t\t\t<span class=\"elementor-divider-separator\">\n\t\t\t\t\t\t<\/span>\n\t\t<\/div>\n\t\t\t\t\t\t<\/div>\n\t\t\t\t<div class=\"elementor-element elementor-element-095e659 elementor-widget__width-initial elementor-widget elementor-widget-text-editor\" data-id=\"095e659\" data-element_type=\"widget\" data-e-type=\"widget\" data-widget_type=\"text-editor.default\">\n\t\t\t\t\t\t\t\t\t<p>Atteignez un public exclusif avec une publicit\u00e9 de couverture percutante dans Zoute People.<\/p>\n\t\t\t\t\t\t\t\t<\/div>\n\t\t<div class=\"elementor-element elementor-element-ff18c02 e-con-full e-flex e-con e-child\" data-id=\"ff18c02\" data-element_type=\"container\" data-e-type=\"container\">\n\t\t\t\t<div class=\"elementor-element elementor-element-8cf0e60 elementor-widget__width-initial elementor-widget-mobile__width-inherit elementor-widget elementor-widget-icon-box\" data-id=\"8cf0e60\" data-element_type=\"widget\" data-e-type=\"widget\" data-widget_type=\"icon-box.default\">\n\t\t\t\t\t\t\t<div class=\"elementor-icon-box-wrapper\">\n\n\t\t\t\n\t\t\t\t\t\t<div class=\"elementor-icon-box-content\">\n\n\t\t\t\t\t\t\t\t\t<h3 class=\"elementor-icon-box-title\">\n\t\t\t\t\t\t<span  >\n\t\t\t\t\t\t\tCOVER 2\t\t\t\t\t\t<\/span>\n\t\t\t\t\t<\/h3>\n\t\t\t\t\n\t\t\t\t\t\t\t\t\t<p class=\"elementor-icon-box-description\">\n\t\t\t\t\t\tSold Out\t\t\t\t\t<\/p>\n\t\t\t\t\n\t\t\t<\/div>\n\t\t\t\n\t\t<\/div>\n\t\t\t\t\t\t<\/div>\n\t\t\t\t<div class=\"elementor-element elementor-element-991633d elementor-widget__width-initial elementor-widget-mobile__width-inherit elementor-widget elementor-widget-icon-box\" data-id=\"991633d\" data-element_type=\"widget\" data-e-type=\"widget\" data-widget_type=\"icon-box.default\">\n\t\t\t\t\t\t\t<div class=\"elementor-icon-box-wrapper\">\n\n\t\t\t\n\t\t\t\t\t\t<div class=\"elementor-icon-box-content\">\n\n\t\t\t\t\t\t\t\t\t<h3 class=\"elementor-icon-box-title\">\n\t\t\t\t\t\t<span  >\n\t\t\t\t\t\t\tCOVER 3\t\t\t\t\t\t<\/span>\n\t\t\t\t\t<\/h3>\n\t\t\t\t\n\t\t\t\t\t\t\t\t\t<p class=\"elementor-icon-box-description\">\n\t\t\t\t\t\t\u20ac 2.500\t\t\t\t\t<\/p>\n\t\t\t\t\n\t\t\t<\/div>\n\t\t\t\n\t\t<\/div>\n\t\t\t\t\t\t<\/div>\n\t\t\t\t<div class=\"elementor-element elementor-element-9036e10 elementor-widget__width-initial elementor-widget elementor-widget-icon-box\" data-id=\"9036e10\" data-element_type=\"widget\" data-e-type=\"widget\" data-widget_type=\"icon-box.default\">\n\t\t\t\t\t\t\t<div class=\"elementor-icon-box-wrapper\">\n\n\t\t\t\n\t\t\t\t\t\t<div class=\"elementor-icon-box-content\">\n\n\t\t\t\t\t\t\t\t\t<h3 class=\"elementor-icon-box-title\">\n\t\t\t\t\t\t<span  >\n\t\t\t\t\t\t\tCOVER 4\t\t\t\t\t\t<\/span>\n\t\t\t\t\t<\/h3>\n\t\t\t\t\n\t\t\t\t\t\t\t\t\t<p class=\"elementor-icon-box-description\">\n\t\t\t\t\t\tSold Out\t\t\t\t\t<\/p>\n\t\t\t\t\n\t\t\t<\/div>\n\t\t\t\n\t\t<\/div>\n\t\t\t\t\t\t<\/div>\n\t\t\t\t<\/div>\n\t\t\t\t<\/div>\n\t\t\t\t\t<\/div>\n\t\t\t\t<\/div>\n\t\t<div class=\"elementor-element elementor-element-507305e e-flex e-con-boxed e-con e-parent\" data-id=\"507305e\" data-element_type=\"container\" data-e-type=\"container\">\n\t\t\t\t\t<div class=\"e-con-inner\">\n\t\t<div class=\"elementor-element elementor-element-030833b e-con-full e-flex e-con e-child\" data-id=\"030833b\" data-element_type=\"container\" data-e-type=\"container\">\n\t\t\t\t<div class=\"elementor-element elementor-element-4d5a5a3 elementor-widget-divider--view-line_text elementor-widget-divider--element-align-center elementor-widget elementor-widget-divider\" data-id=\"4d5a5a3\" data-element_type=\"widget\" data-e-type=\"widget\" data-widget_type=\"divider.default\">\n\t\t\t\t\t\t\t<div class=\"elementor-divider\">\n\t\t\t<span class=\"elementor-divider-separator\">\n\t\t\t\t\t\t\t<h2 class=\"elementor-divider__text elementor-divider__element\">\n\t\t\t\tOffre sp\u00e9ciale \t\t\t\t<\/h2>\n\t\t\t\t\t\t<\/span>\n\t\t<\/div>\n\t\t\t\t\t\t<\/div>\n\t\t\t\t<div class=\"elementor-element elementor-element-561fba3 elementor-widget__width-initial elementor-widget elementor-widget-text-editor\" data-id=\"561fba3\" data-element_type=\"widget\" data-e-type=\"widget\" data-widget_type=\"text-editor.default\">\n\t\t\t\t\t\t\t\t\t<p>Maximisez votre impact avec nos offres sp\u00e9ciales pour les publicit\u00e9s pleine page et double page.<\/p>\n\t\t\t\t\t\t\t\t<\/div>\n\t\t<div class=\"elementor-element elementor-element-bac8c54 e-con-full e-flex e-con e-child\" data-id=\"bac8c54\" data-element_type=\"container\" data-e-type=\"container\">\n\t\t\t\t<div class=\"elementor-element elementor-element-cd31804 elementor-widget__width-initial elementor-widget-mobile__width-inherit elementor-widget elementor-widget-icon-box\" data-id=\"cd31804\" data-element_type=\"widget\" data-e-type=\"widget\" data-widget_type=\"icon-box.default\">\n\t\t\t\t\t\t\t<div class=\"elementor-icon-box-wrapper\">\n\n\t\t\t\n\t\t\t\t\t\t<div class=\"elementor-icon-box-content\">\n\n\t\t\t\t\t\t\t\t\t<h3 class=\"elementor-icon-box-title\">\n\t\t\t\t\t\t<span  >\n\t\t\t\t\t\t\tFull page \t\t\t\t\t\t<\/span>\n\t\t\t\t\t<\/h3>\n\t\t\t\t\n\t\t\t\t\t\t\t\t\t<p class=\"elementor-icon-box-description\">\n\t\t\t\t\t\t5 pages (saison compl\u00e8te) = 1 page d\u2019interview offerte\t\t\t\t\t<\/p>\n\t\t\t\t\n\t\t\t<\/div>\n\t\t\t\n\t\t<\/div>\n\t\t\t\t\t\t<\/div>\n\t\t\t\t<div class=\"elementor-element elementor-element-363b1c8 elementor-widget__width-initial elementor-widget-mobile__width-inherit elementor-widget elementor-widget-icon-box\" data-id=\"363b1c8\" data-element_type=\"widget\" data-e-type=\"widget\" data-widget_type=\"icon-box.default\">\n\t\t\t\t\t\t\t<div class=\"elementor-icon-box-wrapper\">\n\n\t\t\t\n\t\t\t\t\t\t<div class=\"elementor-icon-box-content\">\n\n\t\t\t\t\t\t\t\t\t<h3 class=\"elementor-icon-box-title\">\n\t\t\t\t\t\t<span  >\n\t\t\t\t\t\t\tDouble page\t\t\t\t\t\t<\/span>\n\t\t\t\t\t<\/h3>\n\t\t\t\t\n\t\t\t\t\t\t\t\t\t<p class=\"elementor-icon-box-description\">\n\t\t\t\t\t\t: 5 double pages (saison compl\u00e8te) = 1 double page d\u2019interview offerte\t\t\t\t\t<\/p>\n\t\t\t\t\n\t\t\t<\/div>\n\t\t\t\n\t\t<\/div>\n\t\t\t\t\t\t<\/div>\n\t\t\t\t<\/div>\n\t\t\t\t<\/div>\n\t\t\t\t\t<\/div>\n\t\t\t\t<\/div>\n\t\t<div class=\"elementor-element elementor-element-cca6604 e-flex e-con-boxed e-con e-parent\" data-id=\"cca6604\" data-element_type=\"container\" data-e-type=\"container\">\n\t\t\t\t\t<div class=\"e-con-inner\">\n\t\t<div class=\"elementor-element elementor-element-d46e92d e-con-full e-flex e-con e-child\" data-id=\"d46e92d\" data-element_type=\"container\" data-e-type=\"container\">\n\t\t\t\t<div class=\"elementor-element elementor-element-7e47ccc elementor-widget-divider--view-line_text elementor-widget-divider--element-align-center elementor-widget elementor-widget-divider\" data-id=\"7e47ccc\" data-element_type=\"widget\" data-e-type=\"widget\" data-widget_type=\"divider.default\">\n\t\t\t\t\t\t\t<div class=\"elementor-divider\">\n\t\t\t<span class=\"elementor-divider-separator\">\n\t\t\t\t\t\t\t<h2 class=\"elementor-divider__text elementor-divider__element\">\n\t\t\t\tTarifs publicitaires\t\t\t\t<\/h2>\n\t\t\t\t\t\t<\/span>\n\t\t<\/div>\n\t\t\t\t\t\t<\/div>\n\t\t\t\t<div class=\"elementor-element elementor-element-3236d93 elementor-widget__width-initial elementor-widget elementor-widget-text-editor\" data-id=\"3236d93\" data-element_type=\"widget\" data-e-type=\"widget\" data-widget_type=\"text-editor.default\">\n\t\t\t\t\t\t\t\t\t<p>Nos prix pour les publicit\u00e9s<\/p>\n\t\t\t\t\t\t\t\t<\/div>\n\t\t<div class=\"elementor-element elementor-element-0f0dfa8 e-con-full e-flex e-con e-child\" data-id=\"0f0dfa8\" data-element_type=\"container\" data-e-type=\"container\">\n\t\t\t\t<div class=\"elementor-element elementor-element-a2f5933 elementor-widget__width-initial elementor-widget-mobile__width-inherit elementor-widget elementor-widget-icon-box\" data-id=\"a2f5933\" data-element_type=\"widget\" data-e-type=\"widget\" data-widget_type=\"icon-box.default\">\n\t\t\t\t\t\t\t<div class=\"elementor-icon-box-wrapper\">\n\n\t\t\t\n\t\t\t\t\t\t<div class=\"elementor-icon-box-content\">\n\n\t\t\t\t\t\t\t\t\t<h3 class=\"elementor-icon-box-title\">\n\t\t\t\t\t\t<span  >\n\t\t\t\t\t\t\tFull page\t\t\t\t\t\t<\/span>\n\t\t\t\t\t<\/h3>\n\t\t\t\t\n\t\t\t\t\t\t\t\t\t<p class=\"elementor-icon-box-description\">\n\t\t\t\t\t\t\u20ac 2.250\t\t\t\t\t<\/p>\n\t\t\t\t\n\t\t\t<\/div>\n\t\t\t\n\t\t<\/div>\n\t\t\t\t\t\t<\/div>\n\t\t\t\t<div class=\"elementor-element elementor-element-3c44312 elementor-widget__width-initial elementor-widget-mobile__width-inherit elementor-widget elementor-widget-icon-box\" data-id=\"3c44312\" data-element_type=\"widget\" data-e-type=\"widget\" data-widget_type=\"icon-box.default\">\n\t\t\t\t\t\t\t<div class=\"elementor-icon-box-wrapper\">\n\n\t\t\t\n\t\t\t\t\t\t<div class=\"elementor-icon-box-content\">\n\n\t\t\t\t\t\t\t\t\t<h3 class=\"elementor-icon-box-title\">\n\t\t\t\t\t\t<span  >\n\t\t\t\t\t\t\t1\/2 page \t\t\t\t\t\t<\/span>\n\t\t\t\t\t<\/h3>\n\t\t\t\t\n\t\t\t\t\t\t\t\t\t<p class=\"elementor-icon-box-description\">\n\t\t\t\t\t\t\u20ac 950\t\t\t\t\t<\/p>\n\t\t\t\t\n\t\t\t<\/div>\n\t\t\t\n\t\t<\/div>\n\t\t\t\t\t\t<\/div>\n\t\t\t\t<div class=\"elementor-element elementor-element-658659f elementor-widget__width-initial elementor-widget-mobile__width-inherit elementor-widget elementor-widget-icon-box\" data-id=\"658659f\" data-element_type=\"widget\" data-e-type=\"widget\" data-widget_type=\"icon-box.default\">\n\t\t\t\t\t\t\t<div class=\"elementor-icon-box-wrapper\">\n\n\t\t\t\n\t\t\t\t\t\t<div class=\"elementor-icon-box-content\">\n\n\t\t\t\t\t\t\t\t\t<h3 class=\"elementor-icon-box-title\">\n\t\t\t\t\t\t<span  >\n\t\t\t\t\t\t\tDouble page \t\t\t\t\t\t<\/span>\n\t\t\t\t\t<\/h3>\n\t\t\t\t\n\t\t\t\t\t\t\t\t\t<p class=\"elementor-icon-box-description\">\n\t\t\t\t\t\t\u20ac 3.500\t\t\t\t\t<\/p>\n\t\t\t\t\n\t\t\t<\/div>\n\t\t\t\n\t\t<\/div>\n\t\t\t\t\t\t<\/div>\n\t\t\t\t<\/div>\n\t\t\t\t<\/div>\n\t\t\t\t\t<\/div>\n\t\t\t\t<\/div>\n\t\t\t\t<\/div>\n\t\t","protected":false},"excerpt":{"rendered":"<p>Atteignez un public exclusif avec une publicit\u00e9 de couverture percutante dans Zoute People. COVER 2 Sold Out COVER 3 \u20ac 2.500 COVER 4 Sold Out Offre sp\u00e9ciale Maximisez votre impact avec nos offres sp\u00e9ciales pour les publicit\u00e9s pleine page et double page. Full page 5 pages (saison compl\u00e8te) = 1 page d\u2019interview offerte Double page [&hellip;]<\/p>\n","protected":false},"author":1,"featured_media":0,"parent":0,"menu_order":0,"comment_status":"closed","ping_status":"closed","template":"","meta":{"footnotes":""},"class_list":["post-1594","page","type-page","status-publish","hentry"],"yoast_head":"<!-- This site is optimized with the Yoast SEO plugin v27.3 - https:\/\/yoast.com\/product\/yoast-seo-wordpress\/ -->\n<title>Tarifs Zoute People | Publicit\u00e9s de couverture | Port\u00e9e exclusive<\/title>\n<meta name=\"description\" content=\"Consultez les tarifs de Zoute People pour les publicit\u00e9s de couverture. Atteignez un public exclusif et augmentez la visibilit\u00e9 de votre marque.\" \/>\n<meta name=\"robots\" content=\"index, follow, max-snippet:-1, max-image-preview:large, max-video-preview:-1\" \/>\n<link rel=\"canonical\" href=\"https:\/\/zoutepeople.com\/tarieven\/\" \/>\n<meta property=\"og:locale\" content=\"fr_FR\" \/>\n<meta property=\"og:type\" content=\"article\" \/>\n<meta property=\"og:title\" content=\"Tarifs Zoute People | Publicit\u00e9s de couverture | Port\u00e9e exclusive\" \/>\n<meta property=\"og:description\" content=\"Consultez les tarifs de Zoute People pour les publicit\u00e9s de couverture. Atteignez un public exclusif et augmentez la visibilit\u00e9 de votre marque.\" \/>\n<meta property=\"og:url\" content=\"https:\/\/zoutepeople.com\/tarieven\/\" \/>\n<meta property=\"og:site_name\" content=\"Zoute People\" \/>\n<meta property=\"article:publisher\" content=\"https:\/\/www.facebook.com\/zoutepeople\" \/>\n<meta property=\"article:modified_time\" content=\"2025-03-01T06:45:27+00:00\" \/>\n<meta name=\"twitter:card\" content=\"summary_large_image\" \/>\n<script type=\"application\/ld+json\" class=\"yoast-schema-graph\">{\"@context\":\"https:\\\/\\\/schema.org\",\"@graph\":[{\"@type\":\"WebPage\",\"@id\":\"https:\\\/\\\/zoutepeople.com\\\/tarieven\\\/\",\"url\":\"https:\\\/\\\/zoutepeople.com\\\/tarieven\\\/\",\"name\":\"Tarifs Zoute People | Publicit\u00e9s de couverture | Port\u00e9e exclusive\",\"isPartOf\":{\"@id\":\"https:\\\/\\\/zoutepeople.com\\\/#website\"},\"datePublished\":\"2024-12-07T05:06:35+00:00\",\"dateModified\":\"2025-03-01T06:45:27+00:00\",\"description\":\"Consultez les tarifs de Zoute People pour les publicit\u00e9s de couverture. Atteignez un public exclusif et augmentez la visibilit\u00e9 de votre marque.\",\"breadcrumb\":{\"@id\":\"https:\\\/\\\/zoutepeople.com\\\/tarieven\\\/#breadcrumb\"},\"inLanguage\":\"fr-BE\",\"potentialAction\":[{\"@type\":\"ReadAction\",\"target\":[\"https:\\\/\\\/zoutepeople.com\\\/tarieven\\\/\"]}]},{\"@type\":\"BreadcrumbList\",\"@id\":\"https:\\\/\\\/zoutepeople.com\\\/tarieven\\\/#breadcrumb\",\"itemListElement\":[{\"@type\":\"ListItem\",\"position\":1,\"name\":\"Home\",\"item\":\"https:\\\/\\\/zoutepeople.com\\\/fr\\\/\"},{\"@type\":\"ListItem\",\"position\":2,\"name\":\"Tarifs\"}]},{\"@type\":\"WebSite\",\"@id\":\"https:\\\/\\\/zoutepeople.com\\\/#website\",\"url\":\"https:\\\/\\\/zoutepeople.com\\\/\",\"name\":\"Zoutepeople\",\"description\":\"Lifestyle &amp; Interviews\",\"publisher\":{\"@id\":\"https:\\\/\\\/zoutepeople.com\\\/#organization\"},\"potentialAction\":[{\"@type\":\"SearchAction\",\"target\":{\"@type\":\"EntryPoint\",\"urlTemplate\":\"https:\\\/\\\/zoutepeople.com\\\/?s={search_term_string}\"},\"query-input\":{\"@type\":\"PropertyValueSpecification\",\"valueRequired\":true,\"valueName\":\"search_term_string\"}}],\"inLanguage\":\"fr-BE\"},{\"@type\":\"Organization\",\"@id\":\"https:\\\/\\\/zoutepeople.com\\\/#organization\",\"name\":\"Zoutepeople\",\"url\":\"https:\\\/\\\/zoutepeople.com\\\/\",\"logo\":{\"@type\":\"ImageObject\",\"inLanguage\":\"fr-BE\",\"@id\":\"https:\\\/\\\/zoutepeople.com\\\/#\\\/schema\\\/logo\\\/image\\\/\",\"url\":\"https:\\\/\\\/zoutepeople.com\\\/wp-content\\\/uploads\\\/2024\\\/12\\\/Logo_ZoutePeople_2025.png\",\"contentUrl\":\"https:\\\/\\\/zoutepeople.com\\\/wp-content\\\/uploads\\\/2024\\\/12\\\/Logo_ZoutePeople_2025.png\",\"width\":1200,\"height\":200,\"caption\":\"Zoutepeople\"},\"image\":{\"@id\":\"https:\\\/\\\/zoutepeople.com\\\/#\\\/schema\\\/logo\\\/image\\\/\"},\"sameAs\":[\"https:\\\/\\\/www.facebook.com\\\/zoutepeople\",\"https:\\\/\\\/www.instagram.com\\\/zoute.people\\\/\"]}]}<\/script>\n<!-- \/ Yoast SEO plugin. -->","yoast_head_json":{"title":"Tarifs Zoute People | Publicit\u00e9s de couverture | Port\u00e9e exclusive","description":"Consultez les tarifs de Zoute People pour les publicit\u00e9s de couverture. Atteignez un public exclusif et augmentez la visibilit\u00e9 de votre marque.","robots":{"index":"index","follow":"follow","max-snippet":"max-snippet:-1","max-image-preview":"max-image-preview:large","max-video-preview":"max-video-preview:-1"},"canonical":"https:\/\/zoutepeople.com\/tarieven\/","og_locale":"fr_FR","og_type":"article","og_title":"Tarifs Zoute People | Publicit\u00e9s de couverture | Port\u00e9e exclusive","og_description":"Consultez les tarifs de Zoute People pour les publicit\u00e9s de couverture. Atteignez un public exclusif et augmentez la visibilit\u00e9 de votre marque.","og_url":"https:\/\/zoutepeople.com\/tarieven\/","og_site_name":"Zoute People","article_publisher":"https:\/\/www.facebook.com\/zoutepeople","article_modified_time":"2025-03-01T06:45:27+00:00","twitter_card":"summary_large_image","schema":{"@context":"https:\/\/schema.org","@graph":[{"@type":"WebPage","@id":"https:\/\/zoutepeople.com\/tarieven\/","url":"https:\/\/zoutepeople.com\/tarieven\/","name":"Tarifs Zoute People | Publicit\u00e9s de couverture | Port\u00e9e exclusive","isPartOf":{"@id":"https:\/\/zoutepeople.com\/#website"},"datePublished":"2024-12-07T05:06:35+00:00","dateModified":"2025-03-01T06:45:27+00:00","description":"Consultez les tarifs de Zoute People pour les publicit\u00e9s de couverture. Atteignez un public exclusif et augmentez la visibilit\u00e9 de votre marque.","breadcrumb":{"@id":"https:\/\/zoutepeople.com\/tarieven\/#breadcrumb"},"inLanguage":"fr-BE","potentialAction":[{"@type":"ReadAction","target":["https:\/\/zoutepeople.com\/tarieven\/"]}]},{"@type":"BreadcrumbList","@id":"https:\/\/zoutepeople.com\/tarieven\/#breadcrumb","itemListElement":[{"@type":"ListItem","position":1,"name":"Home","item":"https:\/\/zoutepeople.com\/fr\/"},{"@type":"ListItem","position":2,"name":"Tarifs"}]},{"@type":"WebSite","@id":"https:\/\/zoutepeople.com\/#website","url":"https:\/\/zoutepeople.com\/","name":"Zoutepeople","description":"Lifestyle &amp; Interviews","publisher":{"@id":"https:\/\/zoutepeople.com\/#organization"},"potentialAction":[{"@type":"SearchAction","target":{"@type":"EntryPoint","urlTemplate":"https:\/\/zoutepeople.com\/?s={search_term_string}"},"query-input":{"@type":"PropertyValueSpecification","valueRequired":true,"valueName":"search_term_string"}}],"inLanguage":"fr-BE"},{"@type":"Organization","@id":"https:\/\/zoutepeople.com\/#organization","name":"Zoutepeople","url":"https:\/\/zoutepeople.com\/","logo":{"@type":"ImageObject","inLanguage":"fr-BE","@id":"https:\/\/zoutepeople.com\/#\/schema\/logo\/image\/","url":"https:\/\/zoutepeople.com\/wp-content\/uploads\/2024\/12\/Logo_ZoutePeople_2025.png","contentUrl":"https:\/\/zoutepeople.com\/wp-content\/uploads\/2024\/12\/Logo_ZoutePeople_2025.png","width":1200,"height":200,"caption":"Zoutepeople"},"image":{"@id":"https:\/\/zoutepeople.com\/#\/schema\/logo\/image\/"},"sameAs":["https:\/\/www.facebook.com\/zoutepeople","https:\/\/www.instagram.com\/zoute.people\/"]}]}},"_links":{"self":[{"href":"https:\/\/zoutepeople.com\/fr\/wp-json\/wp\/v2\/pages\/1594","targetHints":{"allow":["GET"]}}],"collection":[{"href":"https:\/\/zoutepeople.com\/fr\/wp-json\/wp\/v2\/pages"}],"about":[{"href":"https:\/\/zoutepeople.com\/fr\/wp-json\/wp\/v2\/types\/page"}],"author":[{"embeddable":true,"href":"https:\/\/zoutepeople.com\/fr\/wp-json\/wp\/v2\/users\/1"}],"replies":[{"embeddable":true,"href":"https:\/\/zoutepeople.com\/fr\/wp-json\/wp\/v2\/comments?post=1594"}],"version-history":[{"count":2,"href":"https:\/\/zoutepeople.com\/fr\/wp-json\/wp\/v2\/pages\/1594\/revisions"}],"predecessor-version":[{"id":1663,"href":"https:\/\/zoutepeople.com\/fr\/wp-json\/wp\/v2\/pages\/1594\/revisions\/1663"}],"wp:attachment":[{"href":"https:\/\/zoutepeople.com\/fr\/wp-json\/wp\/v2\/media?parent=1594"}],"curies":[{"name":"wp","href":"https:\/\/api.w.org\/{rel}","templated":true}]}}