{"id":1596,"date":"2025-02-19T05:34:06","date_gmt":"2025-02-19T05:34:06","guid":{"rendered":"https:\/\/zoutepeople.com\/editions-2025\/"},"modified":"2026-03-09T08:57:21","modified_gmt":"2026-03-09T08:57:21","slug":"editions-2026","status":"publish","type":"page","link":"https:\/\/zoutepeople.com\/fr\/editions-2026\/","title":{"rendered":"Editions 2026"},"content":{"rendered":"\t\t<div data-elementor-type=\"wp-page\" data-elementor-id=\"1596\" class=\"elementor elementor-1596 elementor-1188\" data-elementor-post-type=\"page\">\n\t\t\t\t<div class=\"elementor-element elementor-element-e65929d e-flex e-con-boxed e-con e-parent\" data-id=\"e65929d\" data-element_type=\"container\" data-e-type=\"container\">\n\t\t\t\t\t<div class=\"e-con-inner\">\n\t\t<div class=\"elementor-element elementor-element-68d49d5 e-con-full e-flex e-con e-child\" data-id=\"68d49d5\" data-element_type=\"container\" data-e-type=\"container\">\n\t\t<div class=\"elementor-element elementor-element-fb40e8e e-con-full e-flex e-con e-child\" data-id=\"fb40e8e\" data-element_type=\"container\" data-e-type=\"container\">\n\t\t\t\t<div class=\"elementor-element elementor-element-ec86daf elementor-widget elementor-widget-image\" data-id=\"ec86daf\" data-element_type=\"widget\" data-e-type=\"widget\" data-widget_type=\"image.default\">\n\t\t\t\t\t\t\t\t\t\t\t\t\t\t\t\t<a href=\"https:\/\/zoutepeople.com\/wp-content\/uploads\/2026\/03\/Pages_ZP.jpg\" data-elementor-open-lightbox=\"yes\" data-e-action-hash=\"#elementor-action%3Aaction%3Dlightbox%26settings%3DeyJpZCI6MTc1MiwidXJsIjoiaHR0cHM6XC9cL3pvdXRlcGVvcGxlLmNvbVwvd3AtY29udGVudFwvdXBsb2Fkc1wvMjAyNlwvMDNcL1BhZ2VzX1pQLmpwZyJ9\">\n\t\t\t\t\t\t\t<img fetchpriority=\"high\" decoding=\"async\" width=\"800\" height=\"497\" src=\"https:\/\/zoutepeople.com\/wp-content\/uploads\/2026\/03\/Pages_ZP-1024x636.jpg\" class=\"attachment-large size-large wp-image-1752\" alt=\"\" srcset=\"https:\/\/zoutepeople.com\/wp-content\/uploads\/2026\/03\/Pages_ZP-1024x636.jpg 1024w, https:\/\/zoutepeople.com\/wp-content\/uploads\/2026\/03\/Pages_ZP-300x186.jpg 300w, https:\/\/zoutepeople.com\/wp-content\/uploads\/2026\/03\/Pages_ZP-768x477.jpg 768w, https:\/\/zoutepeople.com\/wp-content\/uploads\/2026\/03\/Pages_ZP.jpg 1450w\" sizes=\"(max-width: 800px) 100vw, 800px\" \/>\t\t\t\t\t\t\t\t<\/a>\n\t\t\t\t\t\t\t\t\t\t\t\t\t\t\t<\/div>\n\t\t\t\t<\/div>\n\t\t<div class=\"elementor-element elementor-element-2bac2c7 e-con-full e-flex e-con e-child\" data-id=\"2bac2c7\" data-element_type=\"container\" data-e-type=\"container\">\n\t\t\t\t<div class=\"elementor-element elementor-element-cd38c01 elementor-widget elementor-widget-heading\" data-id=\"cd38c01\" data-element_type=\"widget\" data-e-type=\"widget\" data-widget_type=\"heading.default\">\n\t\t\t\t\t<h2 class=\"elementor-heading-title elementor-size-default\">5 \u00e9ditions exceptionnelles en 2026<\/h2>\t\t\t\t<\/div>\n\t\t\t\t<div class=\"elementor-element elementor-element-d85419a elementor-widget__width-initial elementor-widget elementor-widget-text-editor\" data-id=\"d85419a\" data-element_type=\"widget\" data-e-type=\"widget\" data-widget_type=\"text-editor.default\">\n\t\t\t\t\t\t\t\t\t<p>L\u2019ann\u00e9e 2026 marque un tournant pour Zoute People, avec cinq \u00e9ditions exclusives qui mettront \u00e0 l\u2019honneur\u00a0 le raffinement, l\u2019\u00e9l\u00e9gance et l\u2019art de vivre du Zoute. \u00c0 travers ces num\u00e9ros, nous vous emm\u00e8nerons au c\u0153ur des \u00e9v\u00e9nements les plus prestigieux, des rencontres inspirantes et des tendances qui fa\u00e7onnent cette destination iconique.<\/p><p>Chaque \u00e9dition sera une v\u00e9ritable immersion dans l\u2019univers du luxe, de la mode, de la culture et de la gastronomie, mettant en lumi\u00e8re les personnalit\u00e9s\u00a0 influentes et les lieux incontournables. De la saison estivale aux rendez-vous exclusifs de l\u2019ann\u00e9e, Zoute People capturera l\u2019essence du Zoute sous son plus beau jour.<\/p><p>Pr\u00e9parez-vous \u00e0 une ann\u00e9e riche en d\u00e9couvertes, en \u00e9motions et en moments d\u2019exception. Restez connect\u00e9s pour ne rien manquer de cette aventure unique!<\/p>\t\t\t\t\t\t\t\t<\/div>\n\t\t\t\t<\/div>\n\t\t\t\t<\/div>\n\t\t\t\t\t<\/div>\n\t\t\t\t<\/div>\n\t\t\t\t<\/div>\n\t\t","protected":false},"excerpt":{"rendered":"<p>5 \u00e9ditions exceptionnelles en 2026 L\u2019ann\u00e9e 2026 marque un tournant pour Zoute People, avec cinq \u00e9ditions exclusives qui mettront \u00e0 l\u2019honneur\u00a0 le raffinement, l\u2019\u00e9l\u00e9gance et l\u2019art de vivre du Zoute. \u00c0 travers ces num\u00e9ros, nous vous emm\u00e8nerons au c\u0153ur des \u00e9v\u00e9nements les plus prestigieux, des rencontres inspirantes et des tendances qui fa\u00e7onnent cette destination iconique. [&hellip;]<\/p>\n","protected":false},"author":1,"featured_media":0,"parent":0,"menu_order":0,"comment_status":"closed","ping_status":"closed","template":"","meta":{"footnotes":""},"class_list":["post-1596","page","type-page","status-publish","hentry"],"yoast_head":"<!-- This site is optimized with the Yoast SEO plugin v27.3 - https:\/\/yoast.com\/product\/yoast-seo-wordpress\/ -->\n<title>Editions 2026 Zoute People | 5 Editions exclusives<\/title>\n<meta name=\"description\" content=\"Zoute people 2025: 5 \u00e9ditions uniques pleines de luxe, de mode et de culture au Zoute. Ne manquez pas cette ann\u00e9e marquante et restez inform\u00e9!\" \/>\n<meta name=\"robots\" content=\"index, follow, max-snippet:-1, max-image-preview:large, max-video-preview:-1\" \/>\n<link rel=\"canonical\" href=\"https:\/\/zoutepeople.com\/fr\/editions-2026\/\" \/>\n<meta property=\"og:locale\" content=\"fr_FR\" \/>\n<meta property=\"og:type\" content=\"article\" \/>\n<meta property=\"og:title\" content=\"Editions 2026 Zoute People | 5 Editions exclusives\" \/>\n<meta property=\"og:description\" content=\"Zoute people 2025: 5 \u00e9ditions uniques pleines de luxe, de mode et de culture au Zoute. Ne manquez pas cette ann\u00e9e marquante et restez inform\u00e9!\" \/>\n<meta property=\"og:url\" content=\"https:\/\/zoutepeople.com\/fr\/editions-2026\/\" \/>\n<meta property=\"og:site_name\" content=\"Zoute People\" \/>\n<meta property=\"article:publisher\" content=\"https:\/\/www.facebook.com\/zoutepeople\" \/>\n<meta property=\"article:modified_time\" content=\"2026-03-09T08:57:21+00:00\" \/>\n<meta property=\"og:image\" content=\"https:\/\/zoutepeople.com\/wp-content\/uploads\/2026\/03\/Pages_ZP.jpg\" \/>\n\t<meta property=\"og:image:width\" content=\"1450\" \/>\n\t<meta property=\"og:image:height\" content=\"900\" \/>\n\t<meta property=\"og:image:type\" content=\"image\/jpeg\" \/>\n<meta name=\"twitter:card\" content=\"summary_large_image\" \/>\n<script type=\"application\/ld+json\" class=\"yoast-schema-graph\">{\"@context\":\"https:\\\/\\\/schema.org\",\"@graph\":[{\"@type\":\"WebPage\",\"@id\":\"https:\\\/\\\/zoutepeople.com\\\/fr\\\/editions-2026\\\/\",\"url\":\"https:\\\/\\\/zoutepeople.com\\\/fr\\\/editions-2026\\\/\",\"name\":\"Editions 2026 Zoute People | 5 Editions exclusives\",\"isPartOf\":{\"@id\":\"https:\\\/\\\/zoutepeople.com\\\/#website\"},\"primaryImageOfPage\":{\"@id\":\"https:\\\/\\\/zoutepeople.com\\\/fr\\\/editions-2026\\\/#primaryimage\"},\"image\":{\"@id\":\"https:\\\/\\\/zoutepeople.com\\\/fr\\\/editions-2026\\\/#primaryimage\"},\"thumbnailUrl\":\"https:\\\/\\\/zoutepeople.com\\\/wp-content\\\/uploads\\\/2026\\\/03\\\/Pages_ZP-1024x636.jpg\",\"datePublished\":\"2025-02-19T05:34:06+00:00\",\"dateModified\":\"2026-03-09T08:57:21+00:00\",\"description\":\"Zoute people 2025: 5 \u00e9ditions uniques pleines de luxe, de mode et de culture au Zoute. Ne manquez pas cette ann\u00e9e marquante et restez inform\u00e9!\",\"breadcrumb\":{\"@id\":\"https:\\\/\\\/zoutepeople.com\\\/fr\\\/editions-2026\\\/#breadcrumb\"},\"inLanguage\":\"fr-BE\",\"potentialAction\":[{\"@type\":\"ReadAction\",\"target\":[\"https:\\\/\\\/zoutepeople.com\\\/fr\\\/editions-2026\\\/\"]}]},{\"@type\":\"ImageObject\",\"inLanguage\":\"fr-BE\",\"@id\":\"https:\\\/\\\/zoutepeople.com\\\/fr\\\/editions-2026\\\/#primaryimage\",\"url\":\"https:\\\/\\\/zoutepeople.com\\\/wp-content\\\/uploads\\\/2026\\\/03\\\/Pages_ZP-1024x636.jpg\",\"contentUrl\":\"https:\\\/\\\/zoutepeople.com\\\/wp-content\\\/uploads\\\/2026\\\/03\\\/Pages_ZP-1024x636.jpg\"},{\"@type\":\"BreadcrumbList\",\"@id\":\"https:\\\/\\\/zoutepeople.com\\\/fr\\\/editions-2026\\\/#breadcrumb\",\"itemListElement\":[{\"@type\":\"ListItem\",\"position\":1,\"name\":\"Home\",\"item\":\"https:\\\/\\\/zoutepeople.com\\\/fr\\\/\"},{\"@type\":\"ListItem\",\"position\":2,\"name\":\"Editions 2026\"}]},{\"@type\":\"WebSite\",\"@id\":\"https:\\\/\\\/zoutepeople.com\\\/#website\",\"url\":\"https:\\\/\\\/zoutepeople.com\\\/\",\"name\":\"Zoutepeople\",\"description\":\"Lifestyle &amp; Interviews\",\"publisher\":{\"@id\":\"https:\\\/\\\/zoutepeople.com\\\/#organization\"},\"potentialAction\":[{\"@type\":\"SearchAction\",\"target\":{\"@type\":\"EntryPoint\",\"urlTemplate\":\"https:\\\/\\\/zoutepeople.com\\\/?s={search_term_string}\"},\"query-input\":{\"@type\":\"PropertyValueSpecification\",\"valueRequired\":true,\"valueName\":\"search_term_string\"}}],\"inLanguage\":\"fr-BE\"},{\"@type\":\"Organization\",\"@id\":\"https:\\\/\\\/zoutepeople.com\\\/#organization\",\"name\":\"Zoutepeople\",\"url\":\"https:\\\/\\\/zoutepeople.com\\\/\",\"logo\":{\"@type\":\"ImageObject\",\"inLanguage\":\"fr-BE\",\"@id\":\"https:\\\/\\\/zoutepeople.com\\\/#\\\/schema\\\/logo\\\/image\\\/\",\"url\":\"https:\\\/\\\/zoutepeople.com\\\/wp-content\\\/uploads\\\/2024\\\/12\\\/Logo_ZoutePeople_2025.png\",\"contentUrl\":\"https:\\\/\\\/zoutepeople.com\\\/wp-content\\\/uploads\\\/2024\\\/12\\\/Logo_ZoutePeople_2025.png\",\"width\":1200,\"height\":200,\"caption\":\"Zoutepeople\"},\"image\":{\"@id\":\"https:\\\/\\\/zoutepeople.com\\\/#\\\/schema\\\/logo\\\/image\\\/\"},\"sameAs\":[\"https:\\\/\\\/www.facebook.com\\\/zoutepeople\",\"https:\\\/\\\/www.instagram.com\\\/zoute.people\\\/\"]}]}<\/script>\n<!-- \/ Yoast SEO plugin. -->","yoast_head_json":{"title":"Editions 2026 Zoute People | 5 Editions exclusives","description":"Zoute people 2025: 5 \u00e9ditions uniques pleines de luxe, de mode et de culture au Zoute. Ne manquez pas cette ann\u00e9e marquante et restez inform\u00e9!","robots":{"index":"index","follow":"follow","max-snippet":"max-snippet:-1","max-image-preview":"max-image-preview:large","max-video-preview":"max-video-preview:-1"},"canonical":"https:\/\/zoutepeople.com\/fr\/editions-2026\/","og_locale":"fr_FR","og_type":"article","og_title":"Editions 2026 Zoute People | 5 Editions exclusives","og_description":"Zoute people 2025: 5 \u00e9ditions uniques pleines de luxe, de mode et de culture au Zoute. Ne manquez pas cette ann\u00e9e marquante et restez inform\u00e9!","og_url":"https:\/\/zoutepeople.com\/fr\/editions-2026\/","og_site_name":"Zoute People","article_publisher":"https:\/\/www.facebook.com\/zoutepeople","article_modified_time":"2026-03-09T08:57:21+00:00","og_image":[{"width":1450,"height":900,"url":"https:\/\/zoutepeople.com\/wp-content\/uploads\/2026\/03\/Pages_ZP.jpg","type":"image\/jpeg"}],"twitter_card":"summary_large_image","schema":{"@context":"https:\/\/schema.org","@graph":[{"@type":"WebPage","@id":"https:\/\/zoutepeople.com\/fr\/editions-2026\/","url":"https:\/\/zoutepeople.com\/fr\/editions-2026\/","name":"Editions 2026 Zoute People | 5 Editions exclusives","isPartOf":{"@id":"https:\/\/zoutepeople.com\/#website"},"primaryImageOfPage":{"@id":"https:\/\/zoutepeople.com\/fr\/editions-2026\/#primaryimage"},"image":{"@id":"https:\/\/zoutepeople.com\/fr\/editions-2026\/#primaryimage"},"thumbnailUrl":"https:\/\/zoutepeople.com\/wp-content\/uploads\/2026\/03\/Pages_ZP-1024x636.jpg","datePublished":"2025-02-19T05:34:06+00:00","dateModified":"2026-03-09T08:57:21+00:00","description":"Zoute people 2025: 5 \u00e9ditions uniques pleines de luxe, de mode et de culture au Zoute. Ne manquez pas cette ann\u00e9e marquante et restez inform\u00e9!","breadcrumb":{"@id":"https:\/\/zoutepeople.com\/fr\/editions-2026\/#breadcrumb"},"inLanguage":"fr-BE","potentialAction":[{"@type":"ReadAction","target":["https:\/\/zoutepeople.com\/fr\/editions-2026\/"]}]},{"@type":"ImageObject","inLanguage":"fr-BE","@id":"https:\/\/zoutepeople.com\/fr\/editions-2026\/#primaryimage","url":"https:\/\/zoutepeople.com\/wp-content\/uploads\/2026\/03\/Pages_ZP-1024x636.jpg","contentUrl":"https:\/\/zoutepeople.com\/wp-content\/uploads\/2026\/03\/Pages_ZP-1024x636.jpg"},{"@type":"BreadcrumbList","@id":"https:\/\/zoutepeople.com\/fr\/editions-2026\/#breadcrumb","itemListElement":[{"@type":"ListItem","position":1,"name":"Home","item":"https:\/\/zoutepeople.com\/fr\/"},{"@type":"ListItem","position":2,"name":"Editions 2026"}]},{"@type":"WebSite","@id":"https:\/\/zoutepeople.com\/#website","url":"https:\/\/zoutepeople.com\/","name":"Zoutepeople","description":"Lifestyle &amp; Interviews","publisher":{"@id":"https:\/\/zoutepeople.com\/#organization"},"potentialAction":[{"@type":"SearchAction","target":{"@type":"EntryPoint","urlTemplate":"https:\/\/zoutepeople.com\/?s={search_term_string}"},"query-input":{"@type":"PropertyValueSpecification","valueRequired":true,"valueName":"search_term_string"}}],"inLanguage":"fr-BE"},{"@type":"Organization","@id":"https:\/\/zoutepeople.com\/#organization","name":"Zoutepeople","url":"https:\/\/zoutepeople.com\/","logo":{"@type":"ImageObject","inLanguage":"fr-BE","@id":"https:\/\/zoutepeople.com\/#\/schema\/logo\/image\/","url":"https:\/\/zoutepeople.com\/wp-content\/uploads\/2024\/12\/Logo_ZoutePeople_2025.png","contentUrl":"https:\/\/zoutepeople.com\/wp-content\/uploads\/2024\/12\/Logo_ZoutePeople_2025.png","width":1200,"height":200,"caption":"Zoutepeople"},"image":{"@id":"https:\/\/zoutepeople.com\/#\/schema\/logo\/image\/"},"sameAs":["https:\/\/www.facebook.com\/zoutepeople","https:\/\/www.instagram.com\/zoute.people\/"]}]}},"_links":{"self":[{"href":"https:\/\/zoutepeople.com\/fr\/wp-json\/wp\/v2\/pages\/1596","targetHints":{"allow":["GET"]}}],"collection":[{"href":"https:\/\/zoutepeople.com\/fr\/wp-json\/wp\/v2\/pages"}],"about":[{"href":"https:\/\/zoutepeople.com\/fr\/wp-json\/wp\/v2\/types\/page"}],"author":[{"embeddable":true,"href":"https:\/\/zoutepeople.com\/fr\/wp-json\/wp\/v2\/users\/1"}],"replies":[{"embeddable":true,"href":"https:\/\/zoutepeople.com\/fr\/wp-json\/wp\/v2\/comments?post=1596"}],"version-history":[{"count":6,"href":"https:\/\/zoutepeople.com\/fr\/wp-json\/wp\/v2\/pages\/1596\/revisions"}],"predecessor-version":[{"id":1764,"href":"https:\/\/zoutepeople.com\/fr\/wp-json\/wp\/v2\/pages\/1596\/revisions\/1764"}],"wp:attachment":[{"href":"https:\/\/zoutepeople.com\/fr\/wp-json\/wp\/v2\/media?parent=1596"}],"curies":[{"name":"wp","href":"https:\/\/api.w.org\/{rel}","templated":true}]}}